{"id":33,"date":"2015-02-19T17:02:56","date_gmt":"2015-02-19T16:02:56","guid":{"rendered":"http:\/\/www.geschichtsrallye.de\/?page_id=33"},"modified":"2019-01-15T13:15:06","modified_gmt":"2019-01-15T12:15:06","slug":"vortraege","status":"publish","type":"page","link":"http:\/\/www.geschichtsrallye.de\/?page_id=33","title":{"rendered":"\u00d6ffentliche Vortr\u00e4ge, Termine"},"content":{"rendered":"<h5 style=\"text-align: right;\"><a href=\"http:\/\/www.geschichtsrallye.de\/wp-content\/uploads\/2015\/02\/oliver-m.-piecha-bild.jpg\"><img decoding=\"async\" loading=\"lazy\" class=\"aligncenter wp-image-37 size-medium\" src=\"http:\/\/www.geschichtsrallye.de\/wp-content\/uploads\/2015\/02\/oliver-m.-piecha-bild-300x200.jpg\" alt=\"oliver m. piecha bild\" width=\"300\" height=\"200\" srcset=\"http:\/\/www.geschichtsrallye.de\/wp-content\/uploads\/2015\/02\/oliver-m.-piecha-bild-300x200.jpg 300w, http:\/\/www.geschichtsrallye.de\/wp-content\/uploads\/2015\/02\/oliver-m.-piecha-bild.jpg 619w\" sizes=\"(max-width: 300px) 100vw, 300px\" \/><\/a><\/h5>\n<p>&nbsp;<\/p>\n<p><strong>2019<\/strong><\/p>\n<ul>\n<li>Fluchtursachen Kompakt: Irak, VHS Speyer, 28.3.2019<\/li>\n<li>Fluchtursachen Kompakt: Iran, VHS Zweibr\u00fccken, 9.4.2019<\/li>\n<li>Zwischen Shopping Mall und Fl\u00fcchtlingslager. Realit\u00e4t im Nahen Osten am Beispiel Irakisch-Kurdistans, VHS Kronberg, 6.6.2019.<\/li>\n<\/ul>\n<p>&nbsp;<\/p>\n<p><strong>2018<\/strong><\/p>\n<ul>\n<li>Kulturelle Rucks\u00e4cke II, VHS Trier, 15.11.2018<\/li>\n<li>Das syrische Fl\u00fcchtlingsdrama, Syrienhilfe Vorderer Hunsr\u00fcck, Kastelaun, 14.11.2018<\/li>\n<li>Kulturelle Rucks\u00e4cke I, VHS Trier, 8.11.2018<\/li>\n<li>Kulturelle Rucks\u00e4cke II, VHS Kusel, 7.11.2018<\/li>\n<li>Kulturelle Rucks\u00e4cke II, VHS Worms, 26.10.2018<\/li>\n<li>Kulturelle Rucks\u00e4cke I, VHS Kusel, 24.10.2018,<\/li>\n<li>Kulturelle Rucks\u00e4cke I, VHS Worms, 19.10.2018<\/li>\n<li>Fluchtursachen Kompakt: Iran, VHS Kusel, 20.6.2018<\/li>\n<li>Fluchtursachen Kompakt: Irak, VHS Kusel, 17.5.2018<\/li>\n<li>Fluchtursachen Kompakt: Irak, VHS Kaiserslautern, 15.5.2018<\/li>\n<li>Fluchtursachen Kompakt: Syrien, VHS Kusel, 9.5.2018<\/li>\n<li>Fluchtursachen Kompakt: Syrien, VHS Kaiserslautern, 8.5.2018<\/li>\n<li><a href=\"https:\/\/www.uni-trier.de\/index.php?id=12274&amp;L=0&amp;tx_urtveranstaltungskalender%5Bcmd%5D=showEvent&amp;tx_urtveranstaltungskalender%5Bevent%5D=8538&amp;urt_veranstaltungskalender%5Bcmd%5D=showEvent&amp;urt_veranstaltungskalender%5Bdate%5D=2018%2F04%2F25&amp;urt_veranstaltungskalender%5Bevent%5D=9982&amp;tx_news_pi1%5B%40widget_0%5D%5BcurrentPage%5D=365&amp;cHash=b4a5524365030c2b13d7926c84a956d2\">Der Jemen: Ein Krieg im Schatten<\/a>, ASTA Uni Trier, 25.4.2018<\/li>\n<li>Islamismus, VHS Dautphe, 24.4.2018<\/li>\n<li><a href=\"http:\/\/Fluchtursachen Kompakt\">Fluchtursachen Kompakt<\/a>, Stadt Koblenz, 20.3.2018<\/li>\n<li><a href=\"http:\/\/www.ak-kurier.de\/akkurier\/www\/artikel\/66406-veranstaltung-zu-fluchtursachen-syrien-in-daaden-gut-besucht\">Fluchtursachen Kompakt<\/a>, VHS Daaden, 14.3.2018<\/li>\n<li>Islamismus, VHS Kirchhain, 6.3.2018<\/li>\n<\/ul>\n<p><strong>2017<\/strong><\/p>\n<ul>\n<li>Fluchtursachen Kompakt: Irak, VHS Worms, <span id=\"u_0_k\" class=\"_5xhk\">Sch\u00f6nauer Stra\u00dfe 2<\/span>, 1.12.2017, 17.30 Uhr<\/li>\n<li><a href=\"http:\/\/vhs-marburg-biedenkopf.de\/index.php?id=105&amp;kathaupt=11&amp;knr=AC10201DA&amp;kursname=Der_%22Islamische_Staat%22__-_ein_verheerendes_Erfolgsmodell&amp;wbt3_redirect=kalender\">Der &#8222;Islamische Staat&#8220;<\/a>, VHS Marburg-Biedenkopf, Dautphe, B\u00fcrgerhaus, 21.11.2017, 19.00 Uhr<\/li>\n<li>&#8222;Eine Feier des Str\u00f6mens und Flie\u00dfens-Alfons Paquet und der Rhein&#8220;, Bingen, Museum am Strom, 16.11.2017, 19.00 Uhr<\/li>\n<li>Fluchtursachen Kompakt: Syrien, Wissen (Sieg), Diakonisches Werk, Auf der Rahm 18<span id=\"u_0_k\" class=\"_5xhk\"><\/span>, 7.11.2017, 18.00 Uhr<\/li>\n<li>Fluchtursachen Kompakt: Syrien, Koblenz, Diakonisches Werk, Mainzer Str. 81<span id=\"u_0_k\" class=\"_5xhk\"><\/span>, 6.11.2017, 18.00 Uh<\/li>\n<li>Fluchtursachen Kompakt: Syrien, Begegnungszentrum Gewerbehalle<span id=\"u_0_k\" class=\"_5xhk\"><\/span>, 17.10.2017, 19.00 Uhr<\/li>\n<li>Fluchtursachen Kompakt: Irak, VHS Trier, <span id=\"u_0_k\" class=\"_5xhk\"><\/span><span id=\"u_0_k\" class=\"_5xhk\">Domfreihof<\/span>, 25.9.2017, 17.30 Uhr<\/li>\n<li>Fluchtursachen Kompakt: Syrien, VHS Trier, <span id=\"u_0_k\" class=\"_5xhk\">Domfreihof<\/span>, 18.9.2017, 17.30 Uhr<\/li>\n<li>Fluchtursachen Kompakt: Syrien, VHS Worms, <span id=\"u_0_k\" class=\"_5xhk\">Sch\u00f6nauer Stra\u00dfe 2<\/span>, 15.9.2017, 17.30 Uhr<\/li>\n<li>Islamismus, Salafisten, Jihadisten und das &#8222;Kalifat&#8220;, VHS Rheine, 31.5.2017, 19.30 Uhr<\/li>\n<li>Themenabend Syrien, Sprendlingen-Gensingen, 29.5.2017<\/li>\n<li>&#8222;Der Weltdeutsche. eine Biographie Alfons Paquets&#8220;, Lesung Literaturhaus Villa Clementine, Wiesbaden, 22.5.2017, 19.30 Uhr<\/li>\n<li><a href=\"http:\/\/www.vhs-werl.de\/index.php?id=4&amp;kathaupt=12&amp;knr=K1503&amp;knradd=K1503\">Der neue Nahe Oste<\/a><a href=\"http:\/\/www.vhs-werl.de\/index.php?id=4&amp;kathaupt=12&amp;knr=K1503&amp;knradd=K1503\">n<\/a>, VHS Werl, 25.4.2017, 19 Uhr<\/li>\n<li><a href=\"http:\/\/nahe-glan.ekir.de\/nahe-glan\/826.0.html?&amp;tx_ttnews%5Btt_news%5D=672&amp;cHash=3b24207d10952a9f0ee6eee4a6e7a567\">Fluchtursachen Kompakt: Irak<\/a>, Bad Kreuznach, Dietrich-Bonhoeffer-Haus, 23.3.2017, 19 Uhr<\/li>\n<li><a href=\"http:\/\/vhs-marburg-biedenkopf.de\/index.php?id=98&amp;kathaupt=11&amp;knr=AB10200DA&amp;kursname=Syrien+und+der+Nahe+Osten+-+Krieg+ohne+Ende\">Syrien und der Nahe Osten &#8211; Krieg ohne Ende?<\/a>, VHS Dautphetal, B\u00fcrgerhaus, 7.3.2017, 19 Uhr<\/li>\n<li><a href=\"https:\/\/www.vhs-hunsrueck.de\/Veranstaltung\/titel-Fluchtursachen+kompakt+-+Syrien\/cmx5787b0f0d6092.html\">Fluchtursachen Kompakt: Syrien<\/a>, VHS Hunsr\u00fcck, Rheinb\u00f6llen, 16.2.2017, Rathaus 19 Uhr<\/li>\n<li><a href=\"http:\/\/nahe-glan.ekir.de\/nahe-glan\/826.0.html?&amp;tx_ttnews%5Btt_news%5D=672&amp;cHash=3b24207d10952a9f0ee6eee4a6e7a567\">Fluchtursachen Kompakt: Syrien<\/a>, Bad Kreuznach, Dietrich-Bonhoeffer-Haus, 6.2.2017, 19 Uhr<a href=\"http:\/\/www.allgemeine-zeitung.de\/lokales\/bad-kreuznach\/stadt-bad-kreuznach\/bad-kreuznach-vortragsreihe-fluchtursachen-kompakt-nimmt-die-wichtigsten-herkunftsstaaten-unter-die-lupe_17682424.htm\"><em> Allgemeine Zeitung<\/em><\/a><\/li>\n<li>Der &#8222;Islamische Staat&#8220; &#8211; ein verheerendes Erfolgsmodell, VHS Kirchhain, 1.2.2017, 19 Uhr<\/li>\n<\/ul>\n<table class=\"table table-striped\" style=\"height: 5px;\" width=\"57\">\n<tbody>\n<tr>\n<td><\/td>\n<td><\/td>\n<\/tr>\n<\/tbody>\n<\/table>\n<p><strong>2016<\/strong><\/p>\n<p><a href=\"http:\/\/www.geschichtsrallye.de\/wp-content\/uploads\/2015\/02\/ideologiekritik-16-17-\u00fcbersicht-v3-crop-u28927.jpg\"><img decoding=\"async\" loading=\"lazy\" class=\"size-medium wp-image-256 alignright\" src=\"http:\/\/www.geschichtsrallye.de\/wp-content\/uploads\/2015\/02\/ideologiekritik-16-17-\u00fcbersicht-v3-crop-u28927-211x300.jpg\" alt=\"ideologiekritik 16-17 \u00fcbersicht v3-crop-u28927\" width=\"211\" height=\"300\" srcset=\"http:\/\/www.geschichtsrallye.de\/wp-content\/uploads\/2015\/02\/ideologiekritik-16-17-\u00fcbersicht-v3-crop-u28927-211x300.jpg 211w, http:\/\/www.geschichtsrallye.de\/wp-content\/uploads\/2015\/02\/ideologiekritik-16-17-\u00fcbersicht-v3-crop-u28927.jpg 512w\" sizes=\"(max-width: 211px) 100vw, 211px\" \/><\/a><\/p>\n<ul>\n<li>\n<p id=\"ideo1\" class=\"accordionfaqheader ideo selected\"><span class=\"headertext\">I<a href=\"http:\/\/www.asta.ms\/aktuelles\/veranstaltungen\/vortragsreihen\/veranstaltungen-zur-ideologiekritik\">slamismus als ein Ph\u00e4nomen der Moderne. Eine Nachtfahrt durch die Ideologiegeschichte<\/a>, Asta M\u00fcnster, 1.12.2016<strong><br \/>\n<\/strong><\/span><\/p>\n<\/li>\n<li>\n<p id=\"ideo1\" class=\"accordionfaqheader ideo selected\"><a href=\"https:\/\/www.vhs-hochtaunus.de\/programm\/gesellschaft.html?action%5B150%5D=course&amp;useraction=search&amp;q=Piecha&amp;filters%5Bq%5D=Piecha&amp;courseId=486-C-N210-303&amp;dataTotal=1&amp;dataIndex=0\">Alter und neuer Naher Osten.<\/a> <span class=\"subtitle\">Eine Zeitreise zwischen Damaskus und Bagdad<\/span>, VHS Kronberg, 29.11.2016, 19 Uhr<\/p>\n<\/li>\n<\/ul>\n<ul>\n<li><a href=\"https:\/\/www.vhs-mhb.de\/Kurse%20Details\/fachbereich-FS52038f68137d0\/semester-2-16\/kat-CT431d93b94519f\/autowert-CK_5784d7cf2ba60\">Das Gl\u00fcck der Ideologie<\/a>. Warum bringen sich Menschen f\u00fcr &#8222;das Paradies&#8220; um?, VHS Menden 18.11.2016, 9 Uhr<\/li>\n<\/ul>\n<ul>\n<li><a href=\"http:\/\/www.vhs-mhb.de\/Kurse%20Details\/fachbereich-FS50d764443f378\/semester-2-16\/autowert-CK_5784d7cf27152\">Den Nahen Osten verstehen<\/a>, VHS Menden, 17.11.2016, 19.30 Uhr<\/li>\n<\/ul>\n<ul>\n<li>\u00a0<a href=\"http:\/\/vhs.borken.de\/programm\/kurs\/details\/vortrag-islamismus-salafisten-jihadisten-und-das-kalifat-10201bo\">Den Politischen Islam verstehen<\/a>, VHS Borken, 3.11.2016, 19 Uhr<\/li>\n<\/ul>\n<ul>\n<li><a href=\"http:\/\/www.hll-dreieich.de\/index.php?id=169\">Syrien und der Nahe Osten<\/a>, VHS Dreieich (Sprendlingen), 31.10.2016, 19 Uhr<\/li>\n<\/ul>\n<ul>\n<li>Syrien und der Nahe Osten \u2013 Krieg ohne Ende?, Caf\u00e9 Odradek, Chemnitz, 12.10.2016, 19 Uhr<\/li>\n<\/ul>\n<ul>\n<li>Den Politischen Islam verstehen. Eine Nachtfahrt durch die Ideologiegeschichte, <a href=\"http:\/\/www.berlin.de\/vhs-pankow\/?m0=1&amp;m1=0&amp;m2=2&amp;sectid=12&amp;cat=406\">VHS Berlin Pankow<\/a>, 6.10 2016, 20 Uhr<\/li>\n<\/ul>\n<ul>\n<li>Politik aktuell &#8211; Hoffnung f\u00fcr Syrien?, <a href=\"http:\/\/www.vhs-erftstadt.de\/index.php?id=25&amp;kathaupt=11&amp;knr=C-1050A&amp;katid=309\">VHS Erftstadt<\/a>, 30.9.2016, 18 Uhr<\/li>\n<\/ul>\n<ul>\n<li><a href=\"https:\/\/www.vhs-bingen.de\/index.php?id=92&amp;kathaupt=11&amp;knr=K10220&amp;kursname=Fluchtursachen+kompakt+Irak&amp;katid=87\">Fluchtursachen kompakt<\/a>: Irak, Bingen, Binger B\u00fchne, 29.9.2016, 19 Uhr; <a href=\"http:\/\/www.allgemeine-zeitung.de\/lokales\/bingen\/bingen\/humanitaere-noete-im-irak_17368473.htm\">Presse<\/a><\/li>\n<\/ul>\n<ul>\n<li>Syrien und der Nahe Osten &#8211; Krieg ohne Ende?, VHS Kirchhain, B\u00fcrgerhaus, 28.9.2016, 19 Uhr.<\/li>\n<\/ul>\n<p><img decoding=\"async\" loading=\"lazy\" class=\"shrinkToFit alignright\" src=\"https:\/\/media.essen.de\/media\/wwwessende\/bilder\/aemter\/ordner_0116\/europa\/veranstaltungen_3\/2016-05-02_Flyer_Fluechtlinge_in_Europa_Deutschland_Essen_speziell_0900_0700_sv.jpg\" alt=\"https:\/\/media.essen.de\/media\/wwwessende\/bilder\/aemter\/ordner_0116\/europa\/veranstaltungen_3\/2016-05-02_Flyer_Fluechtlinge_in_Europa_Deutschland_Essen_speziell_0900_0700_sv.jpg\" width=\"427\" height=\"604\" \/><\/p>\n<ul>\n<li>Islamismus verstehen, Dienstag, 20.9.2016, 19:30 Uhr Herford, <a href=\"http:\/\/www.vhshf.de\/?knr=M11023A&amp;ktitel=Islamismus+verstehen.html\">VHS<\/a>, M\u00fcnsterkirchplatz 1, Raum 306 (Aula)<\/li>\n<\/ul>\n<ul>\n<li>Die Fl\u00fcchtlinge aus dem Nahen Osten, Stains in the Sun Festival, Schwarzenberg, 10.9. 2016, 16 Uhr<\/li>\n<\/ul>\n<ul>\n<li>Syrien, VHS Berlin-Pankow, 14.7. 2016<\/li>\n<\/ul>\n<ul>\n<li>Die Fl\u00fcchtlinge, der Krieg und die Ruinen des alten Nahen Ostens, <a href=\"http:\/\/esg-fr.de\/?page_id=1697\">Evangelische Studenten-gemeinde<\/a>, Freiburg, 16.6.2016<\/li>\n<\/ul>\n<ul>\n<li><a href=\"https:\/\/www.vhs-bingen.de\/index.php?id=26&amp;kathaupt=11&amp;knr=J10210&amp;kursname=Fluchtursachen+kompakt+Syrien\">Fluchtursachen kompakt: Syrien<\/a>, VHS Bingen, 12.5.2016<\/li>\n<\/ul>\n<ul>\n<li>\n<p class=\"topspaced\"><a href=\"https:\/\/www.essen.de\/meldungen\/pressemeldung_992774.de.html\">Fl\u00fcchtlinge in Europa, Deutschland, Essen: Schaffen wir das wirklich?<\/a> Podiumsdiskussion VHS Essen, 2.5.2016<\/p>\n<\/li>\n<\/ul>\n<ul>\n<li><a href=\"http:\/\/dcms.bistummainz.de\/bm\/dcms\/sites\/pfarreien\/dekanat-mainz-stadt\/gonsenheim_st_canisius\/aktuelles\/veranstaltungen.html?f_action=show&amp;f_event_id=302526\">Fluchtursachen kompakt: Irak<\/a>, OSG Otto-Schott-Gymnasium, Mainz, 28.4.2016,\u00a0 19 Uhr<\/li>\n<\/ul>\n<ul>\n<li><a href=\"http:\/\/images.google.de\/imgres?imgurl=http%3A%2F%2Fstadtteiltreff-gonsenheim.de%2Ftypo3temp%2Fpics%2F2016-04-21_Elsa_Fluchtursachen-012_1f6d23bbe5.jpg&amp;imgrefurl=http%3A%2F%2Fstadtteiltreff-gonsenheim.de%2Findex.php%3Fid%3D439&amp;h=268&amp;w=400&amp;tbnid=egJQBfKPHPzFdM%3A&amp;docid=JZAKJAr5n7C7_M&amp;ei=usaOV6fAHauQgAab2rjwBQ&amp;tbm=isch&amp;client=firefox-b&amp;iact=rc&amp;uact=3&amp;dur=409&amp;page=1&amp;start=0&amp;ndsp=17&amp;ved=0ahUKEwinhey-5YDOAhUrCMAKHRstDl4QMwgyKAowCg&amp;bih=604&amp;biw=1023\">Fluchtursachen kompakt: Syrien<\/a>, OSG Otto-Schott-Gymnasium, Mainz,\u00a0 21.4.2016, 19 Uhr<\/li>\n<\/ul>\n<ul>\n<li><a href=\"http:\/\/www.fnp.de\/lokales\/hochtaunus\/vordertaunus\/Terror-wuchert-wie-ein-Krebsgeschwuer;art48711,1965917\">Der Weg des &#8222;Kalifats&#8220;<\/a>, VHS Kronberg, 14.4.2016<\/li>\n<\/ul>\n<ul>\n<li><a href=\"http:\/\/heyevent.de\/event\/jwdtcxmitsogua\/die-fluchtlinge-aus-dem-nahen-osten-warum-gerade-jetzt-cross-your-border-speak-up-for-refugees\">Die Fl\u00fcchtlinge aus dem Nahen Osten: Warum gerade jetzt<\/a>?, Campus M\u00f6nchengladbach, 11.4.2016<\/li>\n<\/ul>\n<ul>\n<li>Fluchtursachen Syrien\/ Irak VHS Kronberg, 18.2.2016<\/li>\n<\/ul>\n<ul>\n<li><a href=\"https:\/\/www.wbz-ingelheim.de\/index.php?id=78&amp;no_cache=1&amp;tx_ttnews[tt_news]=1028\">\u201cWir m\u00fcssen reden!\u201d Fluchtfolgen kompakt: Deutschland<\/a>, WBZ Ingelheim 11.2.2016; <a href=\"http:\/\/www.allgemeine-zeitung.de\/lokales\/ingelheim\/ingelheim\/diskussion-extrem-aufgeladen_16648143.htm\">Presse<\/a><\/li>\n<\/ul>\n<ul>\n<li>Fluchtursachen Syrien\/Irak, VHS Essen, 9.2.2016<\/li>\n<\/ul>\n<ul>\n<li id=\"module-95\" class=\"module default\">\n<div class=\"module_inner\">\n<div class=\"clear0\"><a href=\"http:\/\/webcache.googleusercontent.com\/search?q=cache:eFTKzRGYC1UJ:http:\/\/www.cellehilft.de\/index.php\/termine\/angebote-fuer-freiwillige\/235-verstehen-statt-verstaendnis-vhs-kurs%2Bvhs+celle+piecha&amp;oe=utf-8&amp;gws_rd=cr&amp;hl=de&amp;&amp;ct=clnk\">Verstehen statt Verst\u00e4ndnis &#8211; VHS Kurs\/workshop<\/a><\/div>\n<\/div>\n<div class=\"btn-group pull-right\">Arbeit mit Fl\u00fcchtlingen aus Afghanistan, Syrien, Iran, Irak, Eritrea, Freitag, 11.12.2015 \u2013 14-18 Uhr in der VHS Celle; <a href=\"http:\/\/www.cellesche-zeitung.de\/S4582821\/Celler-Helfer-lernen-richtigen-Umgang-mit-Fluechtlingen\">Presse<\/a><\/div>\n<\/li>\n<\/ul>\n<ul>\n<li class=\"item-page\">\n<div class=\"btn-group pull-right\">Syrien &amp; die Fl\u00fcchtlinge,\u00a0 Politik am Nachmittag. Arbeitsgemeinschaf, VHS Wiesbaden, 26.11.2015<\/div>\n<\/li>\n<\/ul>\n<ul>\n<li class=\"btn-group pull-right\">Die erste Veranstaltung im Rahmen der Reihe \u201e<a href=\"http:\/\/www.ingelheim.de\/1239.html?&amp;L=0class%3Dlclass%253&amp;MP=1236-1254\">Fluchtursachen kompakt<\/a>\u201c findet am Montag, 23. November, 2015, 19 Uhr, im Weiterbildungszentrum (WBZ), Wilhelm-Leuschner-Stra\u00dfe 60, statt. Dr. Oliver M. Piecha wird \u00fcber Syrien sprechen.<\/li>\n<\/ul>\n<ul>\n<li class=\"btn-group pull-right\">\u201eMit Assad reden?! \u2013 Eine Einf\u00fchrung in die wichtigsten Konfliktlinien und die aktuellen Entwicklung in Syrien.\u201d | Dienstag 10.11.15 | 19.00 Uhr | Dj\u00e4zz Jazzkeller Duisburg\n<div class=\"field field-name-field-location field-type-text field-label-inline clearfix\">\n<div>\n<div class=\"region region-content\">\n<div class=\"ds-2col-stacked-fluid node node-event view-mode-full view-mode-full clearfix\">\n<div class=\"group-left\">\n<div class=\"field field-name-field-veranstaltungsreihe-ref field-type-entityreference field-label-hidden\">\n<div class=\"field-items\">\n<div class=\"field-item even\">\n<div>\n<p>&nbsp;<\/p>\n<div>\n<p><img decoding=\"async\" loading=\"lazy\" title=\"Nahost im Umbruch Plakat\" src=\"https:\/\/www.asta.tu-darmstadt.de\/asta\/sites\/default\/files\/plakat%2520isis.jpg\" alt=\"Nahost im Umbruch Plakat\" width=\"1063\" height=\"1500\" \/><\/p>\n<\/div>\n<\/div>\n<\/div>\n<\/div>\n<\/div>\n<\/div>\n<\/div>\n<\/div>\n<div class=\"region region-content\"><\/div>\n<\/div>\n<\/div>\n<\/li>\n<\/ul>\n<p>&nbsp;<\/p>\n","protected":false},"excerpt":{"rendered":"<p>&nbsp; 2019 Fluchtursachen Kompakt: Irak, VHS Speyer, 28.3.2019 Fluchtursachen Kompakt: Iran, VHS Zweibr\u00fccken, 9.4.2019 Zwischen Shopping Mall und Fl\u00fcchtlingslager. Realit\u00e4t im Nahen Osten am Beispiel Irakisch-Kurdistans, VHS Kronberg, 6.6.2019. &nbsp; 2018 Kulturelle Rucks\u00e4cke II, VHS Trier, 15.11.2018 Das syrische Fl\u00fcchtlingsdrama, Syrienhilfe Vorderer Hunsr\u00fcck, Kastelaun, 14.11.2018 Kulturelle Rucks\u00e4cke I, VHS Trier, 8.11.2018 Kulturelle Rucks\u00e4cke II, VHS [&hellip;]<\/p>\n","protected":false},"author":1,"featured_media":0,"parent":0,"menu_order":0,"comment_status":"closed","ping_status":"closed","template":"","meta":[],"_links":{"self":[{"href":"http:\/\/www.geschichtsrallye.de\/index.php?rest_route=\/wp\/v2\/pages\/33"}],"collection":[{"href":"http:\/\/www.geschichtsrallye.de\/index.php?rest_route=\/wp\/v2\/pages"}],"about":[{"href":"http:\/\/www.geschichtsrallye.de\/index.php?rest_route=\/wp\/v2\/types\/page"}],"author":[{"embeddable":true,"href":"http:\/\/www.geschichtsrallye.de\/index.php?rest_route=\/wp\/v2\/users\/1"}],"replies":[{"embeddable":true,"href":"http:\/\/www.geschichtsrallye.de\/index.php?rest_route=%2Fwp%2Fv2%2Fcomments&post=33"}],"version-history":[{"count":59,"href":"http:\/\/www.geschichtsrallye.de\/index.php?rest_route=\/wp\/v2\/pages\/33\/revisions"}],"predecessor-version":[{"id":304,"href":"http:\/\/www.geschichtsrallye.de\/index.php?rest_route=\/wp\/v2\/pages\/33\/revisions\/304"}],"wp:attachment":[{"href":"http:\/\/www.geschichtsrallye.de\/index.php?rest_route=%2Fwp%2Fv2%2Fmedia&parent=33"}],"curies":[{"name":"wp","href":"https:\/\/api.w.org\/{rel}","templated":true}]}}