{"id":30,"date":"2015-02-19T16:55:47","date_gmt":"2015-02-19T15:55:47","guid":{"rendered":"http:\/\/www.geschichtsrallye.de\/?page_id=30"},"modified":"2016-06-29T17:51:49","modified_gmt":"2016-06-29T15:51:49","slug":"fgm-weibliche-genitalverstuemmelung","status":"publish","type":"page","link":"http:\/\/www.geschichtsrallye.de\/?page_id=30","title":{"rendered":"FGM &#8211; weibliche Genitalverst\u00fcmmelung"},"content":{"rendered":"<p>&#8211; Die WELT,<a href=\"http:\/\/www.welt.de\/print\/die_welt\/politik\/article125203275\/Der-schwierige-Kampf-gegen-ein-brutales-Ritual.html\"> Der schwierige Kampf gegen ein brutales Ritual<\/a>, 26.2.2014 (zusammen mit Hannah Wettig)<\/p>\n<p>&#8211; Bl\u00e4tter des iz3w, Nr. 340, <a href=\"https:\/\/www.iz3w.org\/zeitschrift\/ausgaben\/340_brasilien\/inh\">Weibliche Genitalverst\u00fcmmelung&#8230; ist kein &#8218;afrikanisches&#8216; Problem<\/a><\/p>\n<p>&#8211; Materialdienst der evangelischen Stelle f\u00fcr Weltanschauungsfragen 9\/12, <a href=\"http:\/\/www.ezw-berlin.de\/html\/15_2592.php\">Zur Beschneidungsdebatte nach dem K\u00f6lner Gerichtsurteil <\/a>(zusammen mit Thomas von der Osten-Sacken)<\/p>\n<p>&#8211; WADI, <a href=\"http:\/\/en.wadi-online.de\/index.php?option=com_content&amp;view=article&amp;id=1067:stop-fgm-also-in-the-middle-east&amp;catid=11:analyse&amp;Itemid=108\">STOP FGM \u2013 Also in the Middle East<\/a><\/p>\n<p>&nbsp;<\/p>\n<h3>Die Kampagne: <a href=\"http:\/\/www.stopfgmmideast.org\/\">Stop FGM in the Middle East<\/a><\/h3>\n<p><img decoding=\"async\" loading=\"lazy\" class=\"fusion-logo-1x fusion-standard-logo\" src=\"http:\/\/www.fgm-survey-tool.net\/wp-content\/uploads\/2015\/11\/logo.gif\" alt=\"Stop FGM Middle East &amp; Asia\" width=\"113\" height=\"24\" data-logo-width=\"335\" data-logo-height=\"172\" \/><\/p>\n<p><a href=\"http:\/\/www.fgm-survey-tool.net\/\">FGM survey and research tool kit<\/a><\/p>\n<p>&nbsp;<\/p>\n","protected":false},"excerpt":{"rendered":"<p>&#8211; Die WELT, Der schwierige Kampf gegen ein brutales Ritual, 26.2.2014 (zusammen mit Hannah Wettig) &#8211; Bl\u00e4tter des iz3w, Nr. 340, Weibliche Genitalverst\u00fcmmelung&#8230; ist kein &#8218;afrikanisches&#8216; Problem &#8211; Materialdienst der evangelischen Stelle f\u00fcr Weltanschauungsfragen 9\/12, Zur Beschneidungsdebatte nach dem K\u00f6lner Gerichtsurteil (zusammen mit Thomas von der Osten-Sacken) &#8211; WADI, STOP FGM \u2013 Also in the [&hellip;]<\/p>\n","protected":false},"author":1,"featured_media":0,"parent":0,"menu_order":0,"comment_status":"closed","ping_status":"closed","template":"","meta":[],"_links":{"self":[{"href":"http:\/\/www.geschichtsrallye.de\/index.php?rest_route=\/wp\/v2\/pages\/30"}],"collection":[{"href":"http:\/\/www.geschichtsrallye.de\/index.php?rest_route=\/wp\/v2\/pages"}],"about":[{"href":"http:\/\/www.geschichtsrallye.de\/index.php?rest_route=\/wp\/v2\/types\/page"}],"author":[{"embeddable":true,"href":"http:\/\/www.geschichtsrallye.de\/index.php?rest_route=\/wp\/v2\/users\/1"}],"replies":[{"embeddable":true,"href":"http:\/\/www.geschichtsrallye.de\/index.php?rest_route=%2Fwp%2Fv2%2Fcomments&post=30"}],"version-history":[{"count":7,"href":"http:\/\/www.geschichtsrallye.de\/index.php?rest_route=\/wp\/v2\/pages\/30\/revisions"}],"predecessor-version":[{"id":190,"href":"http:\/\/www.geschichtsrallye.de\/index.php?rest_route=\/wp\/v2\/pages\/30\/revisions\/190"}],"wp:attachment":[{"href":"http:\/\/www.geschichtsrallye.de\/index.php?rest_route=%2Fwp%2Fv2%2Fmedia&parent=30"}],"curies":[{"name":"wp","href":"https:\/\/api.w.org\/{rel}","templated":true}]}}