{"id":28,"date":"2015-02-19T16:41:22","date_gmt":"2015-02-19T15:41:22","guid":{"rendered":"http:\/\/www.geschichtsrallye.de\/?page_id=28"},"modified":"2018-11-18T13:53:43","modified_gmt":"2018-11-18T12:53:43","slug":"artikel-zum-nahen-osten","status":"publish","type":"page","link":"http:\/\/www.geschichtsrallye.de\/?page_id=28","title":{"rendered":"Artikel zum Nahen Osten"},"content":{"rendered":"<p><span style=\"color: #ff0000;\"><strong>2018;<\/strong><\/span><\/p>\n<p><em>Mena Watch<\/em>, <a href=\"https:\/\/www.mena-watch.com\/mena-analysen-beitraege\/der-muell-die-stadt-das-giftgas\/\">Der M\u00fcll, die Stadt und das Giftgas<\/a><\/p>\n<p><em>Mena Watch<\/em>, <a href=\"https:\/\/www.mena-watch.com\/mena-analysen-beitraege\/fluchtlandschaft-naher-osten-das-beispiel-irakisch-kurdistan\/\">Fluchtlandschaft Naher Osten: Das Beispiel Irakisch-Kurdistan<\/a><\/p>\n<p><em>Jungle World<\/em> 26\/18: <a href=\"https:\/\/jungle.world\/artikel\/2018\/26\/der-kampf-um-den-hafen\">Der Kampf um den Hafen<\/a><\/p>\n<p><em>Jungle World<\/em> 30\/18:<a href=\"https:\/\/jungle.world\/artikel\/2018\/30\/der-sieg-der-konterrevolution\">Der Sieg der Konterrevolution<\/a><\/p>\n<p><em>Jungle World<\/em> 47\/18:<a href=\"https:\/\/jungle.world\/artikel\/2018\/42\/pulp-fiction-im-konsulat\">Pulp Fiction im Konsulat<\/a><\/p>\n<p><em>Jungle World<\/em> 43\/18:\u00a0<a href=\"https:\/\/jungle.world\/artikel\/2018\/43\/neues-vom-splatterprinzen\">Neues vom Splatterprinzen<\/a><\/p>\n<p><span style=\"color: #ff0000;\"><strong>2017:<\/strong><\/span><\/p>\n<p><em>Mena Watch<\/em>,<a href=\"https:\/\/www.mena-watch.com\/mena-analysen-beitraege\/abschiebungen-nach-syrien-eine-gespensterdebatte\/\"> Abschiebungen nach Syrien: Eine Gespensterdebatte<\/a><\/p>\n<p><em>Jungle World<\/em> 50\/17: <a href=\"https:\/\/jungle.world\/artikel\/2017\/50\/letzter-seitenwechsel\">Letzter Seitenwechsel<\/a><\/p>\n<p><em>Jungle World<\/em> 47\/17: <a href=\"https:\/\/jungle.world\/artikel\/2017\/47\/ueberraschung-vom-kronprinzen\">\u00dcberraschung vom Kronprinzen<\/a><\/p>\n<p><strong>&#8222;Das Bild eines so \u00bbmittelalterlichen\u00ab wie religi\u00f6s fanatisierten Landes mit unertr\u00e4glicher Doppelmoral wird allerdings der komplexen saudischen Geschichte und Gegenwart nicht ganz gerecht. Mit dem \u00d6lpreisschock der siebziger Jahre wurde ein Saudi-Arabien in die Moderne katapultiert, dessen beduinisch gepr\u00e4gte Gesellschaft bis zur Mitte des 20. Jahrhunderts noch so lebte wie in den 1 000 Jahren zuvor.&#8220;<\/strong><\/p>\n<p><em>Jungle World<\/em> 30\/17:<a href=\"https:\/\/jungle.world\/artikel\/2017\/30\/mythos-mit-zukunft\"> Mythos mit Zukunft<\/a><\/p>\n<p><em>Jungle World<\/em> 30\/17:<a href=\"https:\/\/jungle.world\/artikel\/2017\/22\/konflikte-um-die-grenzregionen\"> Konflikte um die Grenzregion<\/a><\/p>\n<p><em>Jungle World<\/em> 15\/17: <a href=\"https:\/\/jungle.world\/artikel\/2017\/15\/ein-flexibler-praesident\">Ein flexibler Pr\u00e4sident<\/a><\/p>\n<p><em>Jungle World<\/em> 9\/17: <a href=\"http:\/\/jungle-world.com\/artikel\/2017\/09\/55844.html\">Zu viele Fl\u00fcchtlinge zum Foltern<\/a><\/p>\n<p><em>Mena Watch<\/em>, <a href=\"http:\/\/www.mena-watch.com\/mena-analysen-beitraege\/from-donald-with-love\/\">From Donald with Love<\/a><\/p>\n<h6><strong>\u201eUnd so war Ru\u00dflands im Lauf des Jahres 2016 scheinbar alle Widerst\u00e4nde m\u00fchelos \u00fcberrollende Bewegungsfreiheit und Erfolgsserie im Nahen Osten immer direkt an das Desinteresse oder vielmehr die L\u00e4hmung der USA gekoppelt. Diese Narrenfreiheit war tats\u00e4chlich in den Sekunden vorbei, als 59 Tomahawks in Syrien explodierten. Damit ist im Zweifel Putins Ausweg aus dem syrischen Schlammassel versperrt.\u201c<\/strong><\/h6>\n<p><span style=\"color: #ff0000;\"><strong>2016:<\/strong><\/span><\/p>\n<p><em>Jungle World<\/em> 33\/16: <a href=\"http:\/\/jungle-world.com\/artikel\/2016\/33\/54669.html\">Jihad zum Selbermachen<\/a><\/p>\n<p><em>Jungle World<\/em> 31\/16: <a href=\"http:\/\/jungle-world.com\/artikel\/2016\/31\/54607.html\">Bomben und Hunger<\/a><\/p>\n<h4>&#8222;Und nun hat auch Bundeskanzlerin Merkel nach dem Anschlag in Ansbach erkl\u00e4rt, Deutschland befinde sich im Krieg mit dem \u00bbKalifat\u00ab. Gem\u00e4\u00df der Logik der westlichen Haltung gegen\u00fcber dem Krieg in Syrien hie\u00dfe das eigentlich, dass die deutsche Luftwaffe jetzt Kliniken und Schulen in Aleppo und anderswo in Nordsyrien bombardieren m\u00fcsste.&#8220;<\/h4>\n<p>Fair Planet: <a href=\"http:\/\/www.fairplanet.org\/story\/bombs-and-hunger\/\">Bombs and Hunger<\/a><\/p>\n<p><em>Jungle World<\/em> 30\/16:<a href=\"http:\/\/jungle-world.com\/artikel\/2016\/30\/54567.html\"> Mann, Frau, Islam<\/a><\/p>\n<p><em>Jungle World<\/em> 29\/16:<a href=\"http:\/\/jungle-world.com\/artikel\/2016\/29\/54524.html\"> Das Kalifat im Windschatten<\/a><\/p>\n<p><em>\u00a0<\/em><\/p>\n<h2><strong>&#8222;W\u00e4re Brett McGurk Schauspieler geworden, k\u00f6nnte man ihn vielleicht in der Rolle eines jungen korrupten Anwalts mit Sonnyboy-L\u00e4cheln sehen, auch als Kriegsheld mit finsterem Doppelleben h\u00e4tte er sich bestimmt gut gemacht. Aber auch so hat er eine perfekte Rolle gefunden, McGurk ist \u00bbSondergesandter des amerikanischen Pr\u00e4sidenten f\u00fcr die globale Koalition zur Bek\u00e4mpfung von ISIL\u00ab, also des \u00bbIslamischen Staats\u00ab (IS).&#8220;<\/strong><\/h2>\n<p><em>Jungle World 23\/2016: <\/em><a href=\"http:\/\/jungle-world.com\/artikel\/2016\/23\/54149.html\">Die T\u00fccken der Offensive<\/a><\/p>\n<p>&nbsp;<\/p>\n<p><em>Jungle World 21\/2016: <\/em><a href=\"http:\/\/jungle-world.com\/artikel\/2016\/21\/54059.html\">Imperium im \u00d6lkrieg<\/a><\/p>\n<p><em>Jungle World 6\/ 2016: <\/em><a href=\"http:\/\/jungle-world.com\/artikel\/2016\/06\/53473.html\">Putin bombt, Europa tr\u00e4umt<\/a><\/p>\n<p><span style=\"color: #ff0000;\"><strong>2015:<\/strong><\/span><\/p>\n<p><em>Jungle World 51\/ 2015<\/em>: <em><a href=\"http:\/\/jungle-world.com\/artikel\/2015\/51\/53188.html\">Krieg den Krankenh\u00e4usern<\/a><\/em><\/p>\n<p><em>Jungle World 47\/ 2015:<\/em> <em><a href=\"http:\/\/jungle-world.com\/artikel\/2015\/47\/53026.html\">Dialog verweigert<\/a><\/em><\/p>\n<p><em>Jungle World 45\/ 2015<\/em>: <em><a href=\"http:\/\/jungle-world.com\/artikel\/2015\/45\/52931.html\">Zombies im Imperial<\/a><\/em><\/p>\n<p><em>Jungle World 43\/ 2015: <a href=\"http:\/\/jungle-world.com\/artikel\/2015\/43\/52864.html\">Die Russen kommen<\/a><br \/>\n<\/em><\/p>\n<p><em>Jungle World 40\/ 2015: <a href=\"http:\/\/jungle-world.com\/artikel\/2015\/40\/52775.html\">Das gro\u00dfe Palaver<\/a><\/em><\/p>\n<p>&nbsp;<\/p>\n<h2><strong>&#8222;An Todenh\u00f6fers Buch l\u00e4sst sich vor allem noch einmal die ungeheure L\u00fccke nachvollziehen, die durch den Tod von Peter Scholl-Latour in der deutschen Abenteuerliteratur entstanden ist. Scholl-Latour war feinster Trash, Todenh\u00f6fer dagegen ist blo\u00df ein deutscher Ideologe, der auf der Suche nach \u00bbWahrheit\u00ab unerm\u00fcdlich mit \u00bbbeiden Seiten\u00ab reden will, um \u00bbFrieden\u00ab zu stiften. Weswegen er auch so gerne Diktatoren und Terroristen interviewt. Da wartet man doch lieber auf die Lonely-Planet-Ausgabe zum \u00bbKalifat\u00ab. Den entsprechenden Dumont-Kunstreisef\u00fchrer kann man sich wahrscheinlich schenken.&#8220;<\/strong><\/h2>\n<p><em>Jungle World 27\/ 2015: <span class=\"floris_article-head_000000_ffffff_VGF1c2VuZHVuZGVpbmUgVGVycm9ybWlsaXo=_gif\"><a href=\"http:\/\/jungle-world.com\/artikel\/2015\/27\/52228.html\">Tausendundeine Terrormiliz<\/a><\/span><\/em><\/p>\n<p><em>Jungle World 18\/ 2015: <a href=\"http:\/\/jungle-world.com\/artikel\/2015\/18\/51875.html\">Unruhe nach dem Sturm<\/a><\/em><\/p>\n<p>&nbsp;<\/p>\n<h3>&#8222;Das von westlichen Diplomaten ab 2012 so gepriesene und ernsthaft als L\u00f6sung f\u00fcr Syrien vorgeschlagene \u00bbjemenitische Modell\u00ab bestand letztlich nur darin, den grundlegenden Konflikten aus dem Weg zu gehen&#8220;<\/h3>\n<p><em>Jungle World 14\/ 2015: <a href=\"http:\/\/jungle-world.com\/artikel\/2015\/14\/51715.html\">Der K\u00f6nig l\u00e4sst es st\u00fcrmen<\/a><\/em><\/p>\n<p>&nbsp;<\/p>\n<h2>&#8222;Es klingt wie Satire: Noch vor wenigen Monaten pr\u00e4sentierte Pr\u00e4sident Barack Obama den Jemen als erfolgreiches Modell der Antiterrorpolitik der USA, sprach von einer \u00bbidealen Partnerschaft\u00ab und k\u00fcndigte gar an, ein \u00e4hnliches Modell als \u00bbTeil einer L\u00f6sung f\u00fcr Syrien und den Irak\u00ab und insbesondere im Kampf gegen den \u00bbIslamischen Staat\u00ab (IS) anzustreben.&#8220;<\/h2>\n<p><em>Jungle World 8\/ 2015: <a href=\"http:\/\/jungle-world.com\/artikel\/2015\/08\/51464.html\">Erfolgsmodel ohnegleichen<\/a><\/em><\/p>\n<p><em><span style=\"color: #ff0000;\"><strong>2014:<\/strong><\/span><br \/>\n<\/em><\/p>\n<p><em>Jungle World 48\/ 2014: <\/em><a href=\"http:\/\/jungle-world.com\/artikel\/2014\/48\/51000.html\"><em>War da was?<\/em> <\/a><\/p>\n<p><em>Jungle World 45\/ 2014:\u00a0 <\/em><a href=\"http:\/\/jungle-world.com\/artikel\/2014\/46\/50908.html\">S<\/a><a href=\"http:\/\/jungle-world.com\/artikel\/2014\/46\/50908.html\">elbst ist der Scheich<\/a><\/p>\n<p><em>Jungle World 43\/ 2014:\u00a0 <a href=\"http:\/\/jungle-world.com\/artikel\/2014\/43\/50776.html\">Der IS als Katalysator<\/a><\/em><\/p>\n<p><em>Jungle World 37\/ 2014:<a href=\"http:\/\/jungle-world.com\/artikel\/2014\/37\/50551.html\"> Die Yolo-Jiahdisten<\/a> (zusammen mit Thomas von der Osten-Sacken)<\/em><\/p>\n<p>Tagesspiegel, 9.8.2014: <a href=\"http:\/\/www.tagesspiegel.de\/politik\/terrorgruppe-im-irak-und-syrien-der-westen-ist-nicht-am-is-terror-schuld\/10310336.html\"><em>Der Westen ist nicht am IS-Terror schuld <\/em><\/a><em>(zusammen mit Thomas von der Osten-Sacken)<\/em><\/p>\n<p><em>Jungle World 35\/ 2014: <a href=\"http:\/\/jungle-world.com\/artikel\/2014\/35\/50481.html\">Jihadisten gegen Jihadisten<\/a><\/em><\/p>\n<p>&nbsp;<\/p>\n<h3>&#8222;Wenn der IS nun in den leerger\u00e4umten D\u00f6rfern und St\u00e4dten der Yeziden und Christen sunnitische Araber zur Herrschaftsarrondierung ansiedelt, dann ist dies blo\u00df die Fortsetzung einer panarabischen Vertreibungspolitik, wie sie Saddam Hussein stilbildend durchexerziert hat. Der \u00bbIslamische Staat\u00ab, das Kalifat der Albtr\u00e4ume, ist das konsequente Fortverwesen nah\u00f6stlicher Realpolitik von Jahrzehnten. Vieles an Gestus und Rhetorik der Jihadisten erinnert nicht umsonst an die finstersten Zeiten des 20.\u2009Jahrhunderts, an destruktive M\u00e4nnerb\u00fcnde wie die deutschen Freikorps nach dem Ersten Weltkrieg oder das so barbarische wie herrisch-selbstsichere Auftreten von Nationalsozialisten im Vernichtungswahn. Man kann den IS auch als Bewegung betrachten, die in einem wahnhaften dynamischen Rausch die Schaffung eines idealen Kunststaats in ihrem Sinne angeht.&#8220;<\/h3>\n<p><em>Jungle World 34\/ 2014: <a href=\"http:\/\/jungle-world.com\/artikel\/2014\/34\/50431.html\">Das Kalifat der Albtr\u00e4ume<\/a> (zusammen mit Thomas von der Osten-Sacken)<br \/>\n<\/em><\/p>\n<p>&nbsp;<\/p>\n<p><em>Jungle World 33\/ 2014: <a href=\"http:\/\/jungle-world.com\/artikel\/2014\/33\/50399.html\">Verkitschter Terror<\/a><br \/>\n<\/em><\/p>\n<p><em>Jungle World 27\/ 2014<\/em><em>: <a href=\"http:\/\/jungle-world.com\/artikel\/2014\/27\/50151.html\">Krieg ohne Grenzen<\/a> (zusammen mit Th. von der Osten-Sacken)<br \/>\n<\/em><\/p>\n<p><em>Jungle World\u00a0 26 2014: <a href=\"http:\/\/jungle-world.com\/artikel\/2014\/26\/50102.html\">Die Lieblingsfeinde<\/a><\/em><\/p>\n<p><em><em>Jungle World 24\/ 2014:<a href=\"http:\/\/jungle-world.com\/artikel\/2014\/24\/50032.html\"> Giftiges Selfie<\/a><\/em><\/em><\/p>\n<p><em>Jungle World 16\/ 2014<a href=\"http:\/\/jungle-world.com\/artikel\/2014\/16\/49681.html\">: Assads Milizen<\/a><br \/>\n<\/em><\/p>\n<p><em><em>Jungle World 13\/ 2014: <a title=\"Angst vor dem L\u00e4cheln\" href=\"https:\/\/holdirdasrheingold.wordpress.com\/2014\/06\/13\/angst-vor-dem-lacheln\/\">Angst vor dem L\u00e4cheln<\/a><br \/>\n<\/em><\/em><\/p>\n<p><em><em>Jungle World 11\/ 2014: <a href=\"http:\/\/jungle-world.com\/artikel\/2014\/11\/49500.html\">Saudis vs. Katar<\/a><br \/>\n<\/em><\/em><\/p>\n<p>&nbsp;<\/p>\n<p><a href=\"https:\/\/holdirdasrheingold.wordpress.com\/lesungen-vor-beitrage\/\">Artikel aus den Jahren 2013, 2012, 2011&#8230;<\/a><\/p>\n<p><img decoding=\"async\" loading=\"lazy\" title=\"Verratene_Freiheit_klein\" src=\"https:\/\/holdirdasrheingold.files.wordpress.com\/2009\/07\/verratene_freiheit_klein.jpg?w=90&amp;h=127\" alt=\"\" width=\"90\" height=\"127\" \/><\/p>\n<h2>&#8222;Der Nahe Osten war in besonderer Weise daf\u00fcr geeignet, zum Wurmfortsatz des zwanzigsten Jahrhunderts zu werden: Hier durften Ideologen weiterhin ungehemmt \u00fcber die Realit\u00e4t verf\u00fcgen, hier hatten sich Regime etabliert, die [&#8230;]\u00a0 sich zu dem besonderen Wahn vestiegen, unbedingt &#8222;Weltpolitik&#8220; machen zu m\u00fcssen.&#8220;<\/h2>\n<p>in: <a href=\"http:\/\/www.verbrecherverlag.de\/book\/detail\/465\"><em>Verratene Freiheit<\/em>, hrsg. von Thomas v. d. Osten-Sacken, Alex Feuerherdt, Oliver M.Piecha<\/a><\/p>\n","protected":false},"excerpt":{"rendered":"<p>2018; Mena Watch, Der M\u00fcll, die Stadt und das Giftgas Mena Watch, Fluchtlandschaft Naher Osten: Das Beispiel Irakisch-Kurdistan Jungle World 26\/18: Der Kampf um den Hafen Jungle World 30\/18:Der Sieg der Konterrevolution Jungle World 47\/18:Pulp Fiction im Konsulat Jungle World 43\/18:\u00a0Neues vom Splatterprinzen 2017: Mena Watch, Abschiebungen nach Syrien: Eine Gespensterdebatte Jungle World 50\/17: Letzter [&hellip;]<\/p>\n","protected":false},"author":1,"featured_media":0,"parent":0,"menu_order":0,"comment_status":"closed","ping_status":"closed","template":"","meta":[],"_links":{"self":[{"href":"http:\/\/www.geschichtsrallye.de\/index.php?rest_route=\/wp\/v2\/pages\/28"}],"collection":[{"href":"http:\/\/www.geschichtsrallye.de\/index.php?rest_route=\/wp\/v2\/pages"}],"about":[{"href":"http:\/\/www.geschichtsrallye.de\/index.php?rest_route=\/wp\/v2\/types\/page"}],"author":[{"embeddable":true,"href":"http:\/\/www.geschichtsrallye.de\/index.php?rest_route=\/wp\/v2\/users\/1"}],"replies":[{"embeddable":true,"href":"http:\/\/www.geschichtsrallye.de\/index.php?rest_route=%2Fwp%2Fv2%2Fcomments&post=28"}],"version-history":[{"count":39,"href":"http:\/\/www.geschichtsrallye.de\/index.php?rest_route=\/wp\/v2\/pages\/28\/revisions"}],"predecessor-version":[{"id":302,"href":"http:\/\/www.geschichtsrallye.de\/index.php?rest_route=\/wp\/v2\/pages\/28\/revisions\/302"}],"wp:attachment":[{"href":"http:\/\/www.geschichtsrallye.de\/index.php?rest_route=%2Fwp%2Fv2%2Fmedia&parent=28"}],"curies":[{"name":"wp","href":"https:\/\/api.w.org\/{rel}","templated":true}]}}