{"id":192,"date":"2016-06-29T18:08:14","date_gmt":"2016-06-29T16:08:14","guid":{"rendered":"http:\/\/www.geschichtsrallye.de\/?page_id=192"},"modified":"2018-11-18T12:54:42","modified_gmt":"2018-11-18T11:54:42","slug":"workshops","status":"publish","type":"page","link":"http:\/\/www.geschichtsrallye.de\/?page_id=192","title":{"rendered":"Workshops"},"content":{"rendered":"<h1>Verstehen statt Verst\u00e4ndnis<\/h1>\n<h3>Interkulturelle Kompetenz f\u00fcr die Arbeit mit Fl\u00fcchtlingen \u2013 ein Workshop<\/h3>\n<p>von Hannah Wettig und Oliver M. Piecha<\/p>\n<p>Unser Workshop fokussiert auf den politischen, kulturellen und gesellschaftlichen Hintergrund in zentralen Fluchtl\u00e4ndern, um das individuelle Verhalten von Fl\u00fcchtlingen in einen Kontext einzuordnen: Wie sieht es aus mit Familienstruktur, Gleichberechtigung und Sozialisation in Staaten, die so gut wie keine politischen Partizipationsm\u00f6glichkeiten bieten, und in denen etwa staatliche oder kommunale Verwaltung in der Regel als korrupt und ineffizient erlebt wurde?<\/p>\n<p>Welche Konfliktfelder k\u00f6nnen sich hier im Umgang mit Fl\u00fcchtlingen ergeben \u2013 und welche L\u00f6sungsm\u00f6glichkeiten bieten sich an? Wir konzentrieren uns \u2013 je nach Absprache und Interessen der Teilnehmer \u00a0\u2013 auf den L\u00e4nderhintergrund im Nahen Osten (Syrien\/Irak, bei Interesse auch speziell die kurdische Problematik) mit Ausblicken nach Afghanistan und Eritrea.<\/p>\n<p>Verschieden Module f\u00fcr Beh\u00f6rden\/Verwaltungen\/Institutionen<\/p>\n<p>Kontakt:<\/p>\n<p>piecha@geschichtsrallye.de<\/p>\n<p>&nbsp;<\/p>\n<p>&nbsp;<\/p>\n","protected":false},"excerpt":{"rendered":"<p>Verstehen statt Verst\u00e4ndnis Interkulturelle Kompetenz f\u00fcr die Arbeit mit Fl\u00fcchtlingen \u2013 ein Workshop von Hannah Wettig und Oliver M. Piecha Unser Workshop fokussiert auf den politischen, kulturellen und gesellschaftlichen Hintergrund in zentralen Fluchtl\u00e4ndern, um das individuelle Verhalten von Fl\u00fcchtlingen in einen Kontext einzuordnen: Wie sieht es aus mit Familienstruktur, Gleichberechtigung und Sozialisation in Staaten, die [&hellip;]<\/p>\n","protected":false},"author":1,"featured_media":0,"parent":0,"menu_order":0,"comment_status":"closed","ping_status":"closed","template":"","meta":[],"_links":{"self":[{"href":"http:\/\/www.geschichtsrallye.de\/index.php?rest_route=\/wp\/v2\/pages\/192"}],"collection":[{"href":"http:\/\/www.geschichtsrallye.de\/index.php?rest_route=\/wp\/v2\/pages"}],"about":[{"href":"http:\/\/www.geschichtsrallye.de\/index.php?rest_route=\/wp\/v2\/types\/page"}],"author":[{"embeddable":true,"href":"http:\/\/www.geschichtsrallye.de\/index.php?rest_route=\/wp\/v2\/users\/1"}],"replies":[{"embeddable":true,"href":"http:\/\/www.geschichtsrallye.de\/index.php?rest_route=%2Fwp%2Fv2%2Fcomments&post=192"}],"version-history":[{"count":2,"href":"http:\/\/www.geschichtsrallye.de\/index.php?rest_route=\/wp\/v2\/pages\/192\/revisions"}],"predecessor-version":[{"id":300,"href":"http:\/\/www.geschichtsrallye.de\/index.php?rest_route=\/wp\/v2\/pages\/192\/revisions\/300"}],"wp:attachment":[{"href":"http:\/\/www.geschichtsrallye.de\/index.php?rest_route=%2Fwp%2Fv2%2Fmedia&parent=192"}],"curies":[{"name":"wp","href":"https:\/\/api.w.org\/{rel}","templated":true}]}}